{"id":13137,"date":"2025-09-29T13:06:38","date_gmt":"2025-09-29T02:06:38","guid":{"rendered":"https:\/\/staging.communityworks.com.au\/?page_id=13137"},"modified":"2025-11-13T14:27:01","modified_gmt":"2025-11-13T03:27:01","slug":"us","status":"publish","type":"page","link":"https:\/\/communityworks.com.au\/es\/us\/","title":{"rendered":"Us"},"content":{"rendered":"<div id=\"fws_69e8914e5f065\"  data-column-margin=\"default\" data-midnight=\"dark\"  class=\"wpb_row vc_row-fluid vc_row full-width-section\"  style=\"padding-top: 50px; padding-bottom: 50px; \"><div class=\"row-bg-wrap\" data-bg-animation=\"none\" data-bg-animation-delay=\"\" data-bg-overlay=\"false\"><div class=\"inner-wrap row-bg-layer\" ><div class=\"row-bg viewport-desktop\"  style=\"\"><\/div><\/div><\/div><div class=\"row_col_wrap_12 col span_12 dark left\">\n\t<div  class=\"vc_col-sm-6 wpb_column column_container vc_column_container col no-extra-padding inherit_tablet inherit_phone\"  data-padding-pos=\"all\" data-has-bg-color=\"false\" data-bg-color=\"\" data-bg-opacity=\"1\" data-animation=\"\" data-delay=\"0\" >\n\t\t<div class=\"vc_column-inner\" >\n\t\t\t<div class=\"wpb_wrapper\">\n\t\t\t\t<div class=\"nectar-split-heading  font_size_tablet_8vw font_size_phone_10vw\" data-align=\"default\" data-m-align=\"inherit\" data-text-effect=\"letter-reveal-bottom\" data-animation-type=\"line-reveal-by-space\" data-animation-delay=\"0\" data-animation-offset=\"\" data-m-rm-animation=\"\" data-stagger=\"true\" data-custom-font-size=\"false\" ><h1 >C\u00f3mo trabajamos<\/h1><\/div><div class=\"divider-wrap\" data-alignment=\"default\"><div style=\"margin-top: 22.5px; height: 5px; margin-bottom: 22.5px;\" data-width=\"100%\" data-animate=\"yes\" data-animation-delay=\"\" data-color=\"accent-color\" class=\"divider-border\"><\/div><\/div>\n<div class=\"wpb_text_column wpb_content_element\" >\n\t<p style=\"font-weight: 400;\">En el coraz\u00f3n de la Comunidad de las Obras es de un profundo compromiso con la equidad, la creatividad, y de la comunidad. Estos valores gu\u00edan cada sociedad se forma, por cada proyecto ofrecemos:<\/p>\n<\/div>\n\n\n\n<div class=\"toggles accordion\" data-br=\"\" data-starting=\"default\" data-style=\"minimal\"><div class=\"toggle default\" data-inner-wrap=\"true\"><h3 class=\"toggle-title\"><a href=\"#\" role=\"button\" class=\"nectar-inherit-h4 toggle-heading\"><i role=\"presentation\" class=\"fa fa-plus\"><\/i>El pensamiento creativo, basado en la evidencia<\/a><\/h3><div><div class=\"inner-toggle-wrap\">\n<div class=\"wpb_text_column wpb_content_element\" >\n\t<p style=\"font-weight: 400\">Nos trae ideas frescas a los complejos desaf\u00edos\u2014siempre informados por la investigaci\u00f3n, los datos y la experiencia vivida. Nuestro enfoque combina la innovaci\u00f3n con rigor para crear soluciones imaginativas y eficaces.<\/p>\n<\/div>\n\n\n\n<\/div><\/div><\/div><div class=\"toggle default\" data-inner-wrap=\"true\"><h3 class=\"toggle-title\"><a href=\"#\" role=\"button\" class=\"nectar-inherit-h4 toggle-heading\"><i role=\"presentation\" class=\"fa fa-plus\"><\/i>Dirigido por la comunidad de cambiar trav\u00e9s de la confianza en las asociaciones<\/a><\/h3><div><div class=\"inner-toggle-wrap\">\n<div class=\"wpb_text_column wpb_content_element\" >\n\t<p style=\"font-weight: 400\">Creemos que las comunidades son los expertos en sus propias vidas. Trabajamos junto a organizaciones de apoyo a los enfoques que el centro de voces de la comunidad y el liderazgo para conducir significativa, impacto duradero.<\/p>\n<\/div>\n\n\n\n<\/div><\/div><\/div><div class=\"toggle default\" data-inner-wrap=\"true\"><h3 class=\"toggle-title\"><a href=\"#\" role=\"button\" class=\"nectar-inherit-h4 toggle-heading\"><i role=\"presentation\" class=\"fa fa-plus\"><\/i>Elocuente de comunicaci\u00f3n que conecta los diversos p\u00fablicos<\/a><\/h3><div><div class=\"inner-toggle-wrap\">\n<div class=\"wpb_text_column wpb_content_element\" >\n\t<p style=\"font-weight: 400\">Podemos convertir la visi\u00f3n en acci\u00f3n a trav\u00e9s de claro, atractivo comunicaci\u00f3n. Ya sea a trav\u00e9s de herramientas visuales, narraci\u00f3n de cuentos, o en lenguaje claro, podemos hacer que las ideas complejas accesible y atractivo para un p\u00fablico variado.<\/p>\n<\/div>\n\n\n\n<\/div><\/div><\/div><div class=\"toggle default\" data-inner-wrap=\"true\"><h3 class=\"toggle-title\"><a href=\"#\" role=\"button\" class=\"nectar-inherit-h4 toggle-heading\"><i role=\"presentation\" class=\"fa fa-plus\"><\/i>Respeto a todas las personas e identidades<\/a><\/h3><div><div class=\"inner-toggle-wrap\">\n<div class=\"wpb_text_column wpb_content_element\" >\n\t<p style=\"font-weight: 400\">Estamos comprometidos con la inclusi\u00f3n a trav\u00e9s de las culturas, religiones, nacionalidades, las habilidades, los g\u00e9neros y edades. Nuestro trabajo se basa en el respeto, siempre tratando de amplificar las voces que son demasiado a menudo desconocida.<\/p>\n<\/div>\n\n\n\n<\/div><\/div><\/div><div class=\"toggle default\" data-inner-wrap=\"true\"><h3 class=\"toggle-title\"><a href=\"#\" role=\"button\" class=\"nectar-inherit-h4 toggle-heading\"><i role=\"presentation\" class=\"fa fa-plus\"><\/i>Basados en el lugar, el contexto sensible pr\u00e1ctica<\/a><\/h3><div><div class=\"inner-toggle-wrap\">\n<div class=\"wpb_text_column wpb_content_element\" >\n\t<p style=\"font-weight: 400\">Apreciamos las historias singulares y socio-pol\u00edtico de la din\u00e1mica que forma cada lugar de trabajo. Nuestras estrategias est\u00e1n siempre informados de la realidad local y sensible a los socios y a las comunidades con las que trabajamos.<\/p>\n<\/div>\n\n\n\n<\/div><\/div><\/div><\/div>\n\t\t\t<\/div> \n\t\t<\/div>\n\t<\/div> \n\n\t<div  class=\"vc_col-sm-6 wpb_column column_container vc_column_container col no-extra-padding inherit_tablet inherit_phone\"  data-padding-pos=\"all\" data-has-bg-color=\"false\" data-bg-color=\"\" data-bg-opacity=\"1\" data-animation=\"\" data-delay=\"0\" >\n\t\t<div class=\"vc_column-inner\" >\n\t\t\t<div class=\"wpb_wrapper\">\n\t\t\t\t<div class=\"nectar_cascading_images\" data-border-radius=\"none\" data-parallax=\"yes\" data-parallax-intensity=\"subtle\" data-layer-1-parallax=\"no\" data-animation-timing=\"175\"><div class=\"cascading-image\" data-has-img=\"true\" style=\" padding:8%;\" data-max-width=\"100%\" data-max-width-mobile=\"100%\" data-animation=\"none\" data-shadow=\"none\"><div class=\"inner-wrap\"><div class=\"bg-layer\" data-scale=\"1\" style=\"transform: scale(1)\"><div style=\" -webkit-transform:translateX(0%) translateY(0%) ; transform:translateX(0%) translateY(0%) ;\" class=\"img-wrap\"> <img loading=\"lazy\" decoding=\"async\" src=\"https:\/\/communityworks.com.au\/wp-content\/uploads\/2025\/07\/Going-to-school_0000s_0001_Vector-Smart-Object.png\" srcset=\"https:\/\/communityworks.com.au\/wp-content\/uploads\/2025\/07\/Going-to-school_0000s_0001_Vector-Smart-Object.png 1000w, https:\/\/communityworks.com.au\/wp-content\/uploads\/2025\/07\/Going-to-school_0000s_0001_Vector-Smart-Object-300x300.png 300w, https:\/\/communityworks.com.au\/wp-content\/uploads\/2025\/07\/Going-to-school_0000s_0001_Vector-Smart-Object-150x150.png 150w, https:\/\/communityworks.com.au\/wp-content\/uploads\/2025\/07\/Going-to-school_0000s_0001_Vector-Smart-Object-768x768.png 768w, https:\/\/communityworks.com.au\/wp-content\/uploads\/2025\/07\/Going-to-school_0000s_0001_Vector-Smart-Object-12x12.png 12w, https:\/\/communityworks.com.au\/wp-content\/uploads\/2025\/07\/Going-to-school_0000s_0001_Vector-Smart-Object-140x140.png 140w, https:\/\/communityworks.com.au\/wp-content\/uploads\/2025\/07\/Going-to-school_0000s_0001_Vector-Smart-Object-100x100.png 100w, https:\/\/communityworks.com.au\/wp-content\/uploads\/2025\/07\/Going-to-school_0000s_0001_Vector-Smart-Object-500x500.png 500w, https:\/\/communityworks.com.au\/wp-content\/uploads\/2025\/07\/Going-to-school_0000s_0001_Vector-Smart-Object-350x350.png 350w, https:\/\/communityworks.com.au\/wp-content\/uploads\/2025\/07\/Going-to-school_0000s_0001_Vector-Smart-Object-800x800.png 800w\" sizes=\"auto, (min-width: 1000px) 55vw, 100vw\" height=\"1000\" width=\"1000\" class=\"skip-lazy\" alt=\"\" \/> <\/div><\/div><\/div><\/div><div class=\"cascading-image\" data-has-img=\"true\" style=\" padding:8%;\" data-max-width=\"100%\" data-max-width-mobile=\"100%\" data-animation=\"none\" data-shadow=\"none\"><div class=\"inner-wrap\"><div class=\"bg-layer\" data-scale=\"1\" style=\"transform: scale(1)\"><div style=\" -webkit-transform:translateX(0%) translateY(10%) ; transform:translateX(0%) translateY(10%) ;\" class=\"img-wrap\"> <img loading=\"lazy\" decoding=\"async\" src=\"https:\/\/communityworks.com.au\/wp-content\/uploads\/2025\/11\/Approach.png\" srcset=\"https:\/\/communityworks.com.au\/wp-content\/uploads\/2025\/11\/Approach.png 1500w, https:\/\/communityworks.com.au\/wp-content\/uploads\/2025\/11\/Approach-300x200.png 300w, https:\/\/communityworks.com.au\/wp-content\/uploads\/2025\/11\/Approach-1024x683.png 1024w, https:\/\/communityworks.com.au\/wp-content\/uploads\/2025\/11\/Approach-768x512.png 768w, https:\/\/communityworks.com.au\/wp-content\/uploads\/2025\/11\/Approach-18x12.png 18w, https:\/\/communityworks.com.au\/wp-content\/uploads\/2025\/11\/Approach-900x600.png 900w\" sizes=\"auto, (min-width: 1000px) 55vw, 100vw\" height=\"1000\" width=\"1500\" class=\"skip-lazy\" alt=\"\" \/> <\/div><\/div><\/div><\/div><\/div>\n\t\t\t<\/div> \n\t\t<\/div>\n\t<\/div> \n<\/div><\/div>","protected":false},"excerpt":{"rendered":"How we work At the heart of Community Works is a deep commitment to equity, creativity, and community. These values guide every partnership we form and every project we deliver:...","protected":false},"author":1,"featured_media":0,"parent":0,"menu_order":0,"comment_status":"closed","ping_status":"closed","template":"","meta":{"footnotes":""},"tags":[],"class_list":["post-13137","page","type-page","status-publish"],"_links":{"self":[{"href":"https:\/\/communityworks.com.au\/es\/wp-json\/wp\/v2\/pages\/13137","targetHints":{"allow":["GET"]}}],"collection":[{"href":"https:\/\/communityworks.com.au\/es\/wp-json\/wp\/v2\/pages"}],"about":[{"href":"https:\/\/communityworks.com.au\/es\/wp-json\/wp\/v2\/types\/page"}],"author":[{"embeddable":true,"href":"https:\/\/communityworks.com.au\/es\/wp-json\/wp\/v2\/users\/1"}],"replies":[{"embeddable":true,"href":"https:\/\/communityworks.com.au\/es\/wp-json\/wp\/v2\/comments?post=13137"}],"version-history":[{"count":62,"href":"https:\/\/communityworks.com.au\/es\/wp-json\/wp\/v2\/pages\/13137\/revisions"}],"predecessor-version":[{"id":13774,"href":"https:\/\/communityworks.com.au\/es\/wp-json\/wp\/v2\/pages\/13137\/revisions\/13774"}],"wp:attachment":[{"href":"https:\/\/communityworks.com.au\/es\/wp-json\/wp\/v2\/media?parent=13137"}],"wp:term":[{"taxonomy":"post_tag","embeddable":true,"href":"https:\/\/communityworks.com.au\/es\/wp-json\/wp\/v2\/tags?post=13137"}],"curies":[{"name":"wp","href":"https:\/\/api.w.org\/{rel}","templated":true}]}}