{"id":12974,"date":"2025-07-14T18:46:47","date_gmt":"2025-07-14T07:46:47","guid":{"rendered":"https:\/\/staging.communityworks.com.au\/?page_id=12974"},"modified":"2025-10-18T11:20:14","modified_gmt":"2025-10-18T00:20:14","slug":"scale-up","status":"publish","type":"page","link":"https:\/\/communityworks.com.au\/es\/scale-up\/","title":{"rendered":"La escala de"},"content":{"rendered":"<div id=\"fws_6a046b9fa3257\"  data-column-margin=\"default\" data-midnight=\"dark\"  class=\"wpb_row vc_row-fluid vc_row full-width-content vc_row-o-equal-height vc_row-flex vc_row-o-content-middle\"  style=\"padding-top: 0px; padding-bottom: 0px; \"><div class=\"row-bg-wrap\" data-bg-animation=\"none\" data-bg-animation-delay=\"\" data-bg-overlay=\"false\"><div class=\"inner-wrap row-bg-layer\" ><div class=\"row-bg viewport-desktop\"  style=\"\"><\/div><\/div><\/div><div class=\"row_col_wrap_12 col span_12 dark left\">\n\t<div style=\"\" class=\"vc_col-sm-6 wpb_column column_container vc_column_container col no-extra-padding inherit_tablet inherit_phone\" data-using-bg=\"true\" data-padding-pos=\"all\" data-has-bg-color=\"false\" data-bg-color=\"\" data-bg-opacity=\"1\" data-animation=\"\" data-delay=\"0\" >\n\t\t<div class=\"vc_column-inner\" ><div class=\"column-image-bg-wrap column-bg-layer viewport-desktop\" data-bg-pos=\"center center\" data-bg-animation=\"none\" data-bg-overlay=\"false\"><div class=\"inner-wrap\"><div class=\"column-image-bg\" style=\" background-image: url('https:\/\/communityworks.com.au\/wp-content\/uploads\/2025\/10\/CW-Services-squareScale.jpg'); \"><\/div><\/div><\/div>\n\t\t\t<div class=\"wpb_wrapper\">\n\t\t\t\t\n\t\t\t<\/div> \n\t\t<\/div>\n\t<\/div> \n\n\t<div  class=\"vc_col-sm-6 wpb_column column_container vc_column_container col padding-7-percent inherit_tablet inherit_phone\"  data-padding-pos=\"all\" data-has-bg-color=\"false\" data-bg-color=\"\" data-bg-opacity=\"1\" data-animation=\"\" data-delay=\"0\" >\n\t\t<div class=\"vc_column-inner\" >\n\t\t\t<div class=\"wpb_wrapper\">\n\t\t\t\t<div class=\"nectar-split-heading  font_size_3vw font_line_height_1-3\" data-align=\"default\" data-m-align=\"inherit\" data-text-effect=\"default\" data-animation-type=\"line-reveal-by-space\" data-animation-delay=\"0\" data-animation-offset=\"\" data-m-rm-animation=\"true\" data-stagger=\"true\" data-custom-font-size=\"true\" style=\"font-size: 3vw; line-height: 3.3vw;\"><h2 style=\" color: #000000;\">La escala de<\/h2><\/div><div class=\"divider-wrap\" data-alignment=\"default\"><div style=\"margin-top: 22.5px; height: 5px; margin-bottom: 22.5px;\" data-width=\"100%\" data-animate=\"yes\" data-animation-delay=\"\" data-color=\"accent-color\" class=\"divider-border\"><\/div><\/div><div class=\"nectar-responsive-text nectar-link-underline-effect\"><p><strong>Podemos ayudar a las organizaciones a dise\u00f1ar y proporcionar los m\u00e9todos para afrontar los problemas sociales espec\u00edficos en una escala m\u00e1s grande.<\/strong><\/p>\n<p style=\"font-weight: 400\">Trabajos a la comunidad, sobre la base de nuestra representaci\u00f3n de la Primavera de Impacto, los socios con organizaciones que prestan en la comunidad trabajo de transformaci\u00f3n para ayudarles a eludir el esfuerzo duplicado y acceso a m\u00e9todos de eficacia probada.<\/p>\n<p style=\"font-weight: 400\">Nos gu\u00eda a los equipos a trav\u00e9s de la escala completa del viaje\u2014desde la evaluaci\u00f3n de la preparaci\u00f3n para la prueba de las nuevas ubicaciones\u2014mediante la aplicaci\u00f3n de la Primavera Impacto probado mezcla de comercial y social, los principios, adem\u00e1s de lean las pruebas y el pensamiento de sistemas<\/p>\n<p style=\"font-weight: 400\">Nuestro apoyo a medida ayuda a traducir de esta metodolog\u00eda en la pr\u00e1ctica de marcos, incluyendo estrategias de asociaci\u00f3n, modelos operativos, la sostenibilidad financiera de las herramientas, y sistemas de garant\u00eda de calidad<\/p>\n<p style=\"font-weight: 400\">A trav\u00e9s de la co-dise\u00f1ado talleres, gap an\u00e1lisis y modelado iterativo, se habilita a las organizaciones a implementar la medida, soluciones escalables sin desperdiciar tiempo ni recursos.<\/p>\n<\/div><div class=\"nectar-fancy-ul font_size_min_16px font_line_height_1-6\" data-list-icon=\"dot\" data-animation=\"false\" data-animation-delay=\"0\" data-spacing=\"10px\" data-alignment=\"left\"> \n<ul>\n<li><em>Ampliaci\u00f3n basado en Estrategias para Fortalecer la Comunidad de la primera Infancia de los Sistemas en Kenia y Mozambique<\/em> en colaboraci\u00f3n con la Primavera Impacto. 2018<\/li>\n<li>El escalado de La Sobremesa: \u00c1mbito, preparaci\u00f3n, an\u00e1lisis del paisaje y el Escalamiento de la Estrategia, para los Cuentos de Australia, el 2024.<\/li>\n<li>Apoyo para la ampliaci\u00f3n de la Atmiyata Programa Comunitario de Salud Mental en el estado de Gujarat 2017 y 2018<\/li>\n<li>Evaluaci\u00f3n de opciones para la ampliaci\u00f3n de la StrongMinds Programa de Uganda a otros pa\u00edses en \u00c1frica 2017<\/li>\n<\/ul>\n <\/div><div class=\"nectar-cta  alignment_tablet_default alignment_phone_default display_tablet_inherit display_phone_inherit\" data-color=\"default\" data-using-bg=\"false\" data-style=\"see-through\" data-display=\"block\" data-alignment=\"left\" data-text-color=\"std\" style=\"--nectar-button-color: var(--nectar-default); --nectar-icon-gap: 10px; \"><h6> <span class=\"text\">Vea nuestra Escala de los proyectos y publicaciones <\/span><span class=\"link_wrap\" ><a  class=\"link_text\" role=\"button\" href=\"\/es\/project-attributes\/scale-up\/\"><span class=\"arrow\"><\/span><\/a><\/span><\/h6><\/div>\n\t\t\t<\/div> \n\t\t<\/div>\n\t<\/div> \n<\/div><\/div>","protected":false},"excerpt":{"rendered":"Scale-upWe help organisations design and deliver the right methods for tackling specific social problems on a larger scale. Community Works, drawing on our representation of Spring Impact, partners with organisations...","protected":false},"author":1,"featured_media":0,"parent":0,"menu_order":0,"comment_status":"closed","ping_status":"closed","template":"","meta":{"footnotes":""},"tags":[],"class_list":["post-12974","page","type-page","status-publish"],"_links":{"self":[{"href":"https:\/\/communityworks.com.au\/es\/wp-json\/wp\/v2\/pages\/12974","targetHints":{"allow":["GET"]}}],"collection":[{"href":"https:\/\/communityworks.com.au\/es\/wp-json\/wp\/v2\/pages"}],"about":[{"href":"https:\/\/communityworks.com.au\/es\/wp-json\/wp\/v2\/types\/page"}],"author":[{"embeddable":true,"href":"https:\/\/communityworks.com.au\/es\/wp-json\/wp\/v2\/users\/1"}],"replies":[{"embeddable":true,"href":"https:\/\/communityworks.com.au\/es\/wp-json\/wp\/v2\/comments?post=12974"}],"version-history":[{"count":9,"href":"https:\/\/communityworks.com.au\/es\/wp-json\/wp\/v2\/pages\/12974\/revisions"}],"predecessor-version":[{"id":13588,"href":"https:\/\/communityworks.com.au\/es\/wp-json\/wp\/v2\/pages\/12974\/revisions\/13588"}],"wp:attachment":[{"href":"https:\/\/communityworks.com.au\/es\/wp-json\/wp\/v2\/media?parent=12974"}],"wp:term":[{"taxonomy":"post_tag","embeddable":true,"href":"https:\/\/communityworks.com.au\/es\/wp-json\/wp\/v2\/tags?post=12974"}],"curies":[{"name":"wp","href":"https:\/\/api.w.org\/{rel}","templated":true}]}}