{"id":12963,"date":"2025-07-14T18:31:10","date_gmt":"2025-07-14T07:31:10","guid":{"rendered":"https:\/\/staging.communityworks.com.au\/?page_id=12963"},"modified":"2026-02-05T15:52:24","modified_gmt":"2026-02-05T04:52:24","slug":"communication","status":"publish","type":"page","link":"https:\/\/communityworks.com.au\/es\/communication\/","title":{"rendered":"La comunicaci\u00f3n"},"content":{"rendered":"<div id=\"fws_6a046ba6d80d3\"  data-column-margin=\"default\" data-midnight=\"dark\"  class=\"wpb_row vc_row-fluid vc_row full-width-content vc_row-o-equal-height vc_row-flex vc_row-o-content-middle\"  style=\"padding-top: 0px; padding-bottom: 0px; \"><div class=\"row-bg-wrap\" data-bg-animation=\"none\" data-bg-animation-delay=\"\" data-bg-overlay=\"false\"><div class=\"inner-wrap row-bg-layer\" ><div class=\"row-bg viewport-desktop\"  style=\"\"><\/div><\/div><\/div><div class=\"row_col_wrap_12 col span_12 dark left\">\n\t<div style=\"\" class=\"vc_col-sm-6 wpb_column column_container vc_column_container col no-extra-padding inherit_tablet inherit_phone flex_gap_desktop_10px\" data-using-bg=\"true\" data-overlay-color=\"true\" data-padding-pos=\"all\" data-has-bg-color=\"false\" data-bg-color=\"\" data-bg-opacity=\"1\" data-animation=\"\" data-delay=\"0\" >\n\t\t<div class=\"vc_column-inner\" ><div class=\"column-image-bg-wrap column-bg-layer viewport-desktop\" data-bg-pos=\"center center\" data-bg-animation=\"none\" data-bg-overlay=\"true\"><div class=\"inner-wrap\"><div class=\"column-image-bg\" style=\" background-image: url('https:\/\/communityworks.com.au\/wp-content\/uploads\/2025\/10\/CW-Services-squareComms.jpg'); \"><\/div><\/div><\/div><div class=\"column-bg-overlay-wrap column-bg-layer\" data-bg-animation=\"none\"><div class=\"column-bg-overlay\"><\/div><div class=\"column-overlay-layer\" style=\"background-color:#E4E2E2;  opacity: 0.3; \"><\/div><\/div>\n\t\t\t<div class=\"wpb_wrapper\">\n\t\t\t\t\n\t\t\t<\/div> \n\t\t<\/div>\n\t<\/div> \n\n\t<div  class=\"vc_col-sm-6 wpb_column column_container vc_column_container col padding-7-percent inherit_tablet inherit_phone flex_gap_desktop_10px\"  data-padding-pos=\"all\" data-has-bg-color=\"false\" data-bg-color=\"\" data-bg-opacity=\"1\" data-animation=\"\" data-delay=\"0\" >\n\t\t<div class=\"vc_column-inner\" >\n\t\t\t<div class=\"wpb_wrapper\">\n\t\t\t\t<div class=\"nectar-split-heading  font_size_3vw font_line_height_1-3\" data-align=\"default\" data-m-align=\"inherit\" data-text-effect=\"default\" data-animation-type=\"line-reveal-by-space\" data-animation-delay=\"0\" data-animation-offset=\"\" data-m-rm-animation=\"true\" data-stagger=\"true\" data-custom-font-size=\"true\" style=\"font-size: 3vw; line-height: 3.3vw;\"><h2 style=\" color: #000000;\">La comunicaci\u00f3n<\/h2><\/div><div class=\"divider-wrap\" data-alignment=\"default\"><div style=\"margin-top: 22.5px; height: 5px; margin-bottom: 22.5px;\" data-width=\"100%\" data-animate=\"yes\" data-animation-delay=\"\" data-color=\"accent-color\" class=\"divider-border\"><\/div><\/div><div class=\"nectar-responsive-text nectar-link-underline-effect\"><p style=\"font-weight: 400\"><strong>Our communication makes complex ideas accessible and inclusive<\/strong><\/p>\n<p style=\"font-weight: 400\">At Community Works, we design visual communication materials that enable people to understand and contribute to complex projects. For nearly a decade, we have developed resources that translate technical concepts into clear and engaging formats. Especially for communities from diverse cultural and linguistic backgrounds.<\/p>\n<p style=\"font-weight: 400\">Nuestro trabajo apoya la accesibilidad y la inclusi\u00f3n a trav\u00e9s de diversos entornos, incluyendo organizaciones de la Comunidad, instituciones de investigaci\u00f3n, universidades y proveedores de formaci\u00f3n.<\/p>\n<p style=\"font-weight: 400\">Estamos especialmente la experiencia en la producci\u00f3n de manuales y herramientas que empoderen a las organizaciones a trabajar de manera m\u00e1s efectiva con las comunidades y los socios. Estas herramientas de apoyo a la ampliaci\u00f3n de los programas m\u00e1s exitosos, les ayuda a llegar a m\u00e1s personas con mayor impacto.<\/p>\n<p style=\"font-weight: 400\">Los ejemplos incluyen:<\/p>\n<\/div><div class=\"nectar-fancy-ul font_size_min_16px font_line_height_1-6\" data-list-icon=\"dot\" data-animation=\"false\" data-animation-delay=\"0\" data-spacing=\"10px\" data-alignment=\"left\"> \n<ul>\n<li>Amigos de los Derechos humanos de la Escuela de Paquete, en colaboraci\u00f3n con Amnist\u00eda Internacional, el a\u00f1o 2016.<\/li>\n<li>StrongMinds Manual Operativo De 2021<\/li>\n<li>Manual operativo de fo Rangoonwala Centro Comunitario de 2014 a 2015<\/li>\n<li>Acuerdo Internacional de los Servicios de 2022 2023<\/li>\n<\/ul>\n <\/div><div class=\"nectar-cta  alignment_tablet_default alignment_phone_default display_tablet_inherit display_phone_inherit\" data-color=\"default\" data-using-bg=\"false\" data-style=\"see-through\" data-display=\"block\" data-alignment=\"left\" data-text-color=\"std\" style=\"--nectar-button-color: var(--nectar-default); --nectar-icon-gap: 10px; \"><h6> <span class=\"text\">See our Communication projects and publications <\/span><span class=\"link_wrap\" ><a  class=\"link_text\" role=\"button\" href=\"\/es\/project-attributes\/communicate-visually\/\"><span class=\"arrow\"><\/span><\/a><\/span><\/h6><\/div>\n\t\t\t<\/div> \n\t\t<\/div>\n\t<\/div> \n<\/div><\/div>","protected":false},"excerpt":{"rendered":"CommunicationOur communication makes complex ideas accessible and inclusive At Community Works, we design visual communication materials that enable people to understand and contribute to complex projects. For nearly a decade,...","protected":false},"author":1,"featured_media":0,"parent":0,"menu_order":0,"comment_status":"closed","ping_status":"closed","template":"","meta":{"footnotes":""},"tags":[],"class_list":["post-12963","page","type-page","status-publish"],"_links":{"self":[{"href":"https:\/\/communityworks.com.au\/es\/wp-json\/wp\/v2\/pages\/12963","targetHints":{"allow":["GET"]}}],"collection":[{"href":"https:\/\/communityworks.com.au\/es\/wp-json\/wp\/v2\/pages"}],"about":[{"href":"https:\/\/communityworks.com.au\/es\/wp-json\/wp\/v2\/types\/page"}],"author":[{"embeddable":true,"href":"https:\/\/communityworks.com.au\/es\/wp-json\/wp\/v2\/users\/1"}],"replies":[{"embeddable":true,"href":"https:\/\/communityworks.com.au\/es\/wp-json\/wp\/v2\/comments?post=12963"}],"version-history":[{"count":14,"href":"https:\/\/communityworks.com.au\/es\/wp-json\/wp\/v2\/pages\/12963\/revisions"}],"predecessor-version":[{"id":14124,"href":"https:\/\/communityworks.com.au\/es\/wp-json\/wp\/v2\/pages\/12963\/revisions\/14124"}],"wp:attachment":[{"href":"https:\/\/communityworks.com.au\/es\/wp-json\/wp\/v2\/media?parent=12963"}],"wp:term":[{"taxonomy":"post_tag","embeddable":true,"href":"https:\/\/communityworks.com.au\/es\/wp-json\/wp\/v2\/tags?post=12963"}],"curies":[{"name":"wp","href":"https:\/\/api.w.org\/{rel}","templated":true}]}}