{"id":12956,"date":"2025-07-14T18:11:28","date_gmt":"2025-07-14T07:11:28","guid":{"rendered":"https:\/\/staging.communityworks.com.au\/?page_id=12956"},"modified":"2025-11-19T21:11:04","modified_gmt":"2025-11-19T10:11:04","slug":"participatory-research-evaluation","status":"publish","type":"page","link":"https:\/\/communityworks.com.au\/es\/participatory-research-evaluation\/","title":{"rendered":"Participatory Research &#038; Evaluation"},"content":{"rendered":"<div id=\"fws_6a046bdda0aa6\"  data-column-margin=\"default\" data-midnight=\"dark\"  class=\"wpb_row vc_row-fluid vc_row full-width-content vc_row-o-equal-height vc_row-flex vc_row-o-content-middle\"  style=\"padding-top: 0px; padding-bottom: 0px; \"><div class=\"row-bg-wrap\" data-bg-animation=\"none\" data-bg-animation-delay=\"\" data-bg-overlay=\"false\"><div class=\"inner-wrap row-bg-layer\" ><div class=\"row-bg viewport-desktop\"  style=\"\"><\/div><\/div><\/div><div class=\"row_col_wrap_12 col span_12 dark left\">\n\t<div style=\"\" class=\"vc_col-sm-6 wpb_column column_container vc_column_container col no-extra-padding inherit_tablet inherit_phone\" data-using-bg=\"true\" data-overlay-color=\"true\" data-padding-pos=\"all\" data-has-bg-color=\"false\" data-bg-color=\"\" data-bg-opacity=\"1\" data-animation=\"\" data-delay=\"0\" >\n\t\t<div class=\"vc_column-inner\" ><div class=\"column-image-bg-wrap column-bg-layer viewport-desktop\" data-bg-pos=\"center center\" data-bg-animation=\"none\" data-bg-overlay=\"true\"><div class=\"inner-wrap\"><div class=\"column-image-bg\" style=\" background-image: url('https:\/\/communityworks.com.au\/wp-content\/uploads\/2025\/10\/CW-Services-squareResearch.jpg'); \"><\/div><\/div><\/div><div class=\"column-bg-overlay-wrap column-bg-layer\" data-bg-animation=\"none\"><div class=\"column-bg-overlay\"><\/div><div class=\"column-overlay-layer\" style=\"background-color:#E0E0E0;  opacity: 0.3; \"><\/div><\/div>\n\t\t\t<div class=\"wpb_wrapper\">\n\t\t\t\t\n\t\t\t<\/div> \n\t\t<\/div>\n\t<\/div> \n\n\t<div  class=\"vc_col-sm-6 wpb_column column_container vc_column_container col padding-7-percent inherit_tablet inherit_phone\"  data-padding-pos=\"all\" data-has-bg-color=\"false\" data-bg-color=\"\" data-bg-opacity=\"1\" data-animation=\"\" data-delay=\"0\" >\n\t\t<div class=\"vc_column-inner\" >\n\t\t\t<div class=\"wpb_wrapper\">\n\t\t\t\t<div class=\"nectar-split-heading  font_size_3vw font_line_height_1-3\" data-align=\"default\" data-m-align=\"inherit\" data-text-effect=\"default\" data-animation-type=\"line-reveal-by-space\" data-animation-delay=\"0\" data-animation-offset=\"\" data-m-rm-animation=\"true\" data-stagger=\"true\" data-custom-font-size=\"true\" style=\"font-size: 3vw; line-height: 3.3vw;\"><h2 style=\" color: #000000;\">Participatory Research &amp; Evaluation<\/h2><\/div><div class=\"divider-wrap\" data-alignment=\"default\"><div style=\"margin-top: 22.5px; height: 5px; margin-bottom: 22.5px;\" data-width=\"100%\" data-animate=\"yes\" data-animation-delay=\"\" data-color=\"accent-color\" class=\"divider-border\"><\/div><\/div><div class=\"nectar-responsive-text nectar-link-underline-effect\"><p style=\"font-weight: 400\"><strong>Llevamos a cabo investigaci\u00f3n aplicada que trae las prioridades de la comunidad a la luz<\/strong><\/p>\n<p style=\"font-weight: 400\">La comunidad Trabaja regularmente es invitado a dirigir o asesorar sobre los <a href=\"https:\/\/communityworks.com.au\/es\/online-workshops-for-ninti-one\/\">la investigaci\u00f3n aplicada<\/a> los proyectos que exploran la complejidad de los retos sociales y de apoyo a la acci\u00f3n pr\u00e1ctica. Nuestro trabajo se centra en la escucha profunda, el descubrimiento de conocimientos, y de informar el cambio a trav\u00e9s de la evidencia. Los m\u00e9todos participativos son el centro de nuestro enfoque. Trabajamos en estrecha colaboraci\u00f3n con las comunidades locales para asegurar que sus voces forma, tanto el proceso y los resultados de la investigaci\u00f3n.<\/p>\n<p style=\"font-weight: 400\">Los ejemplos incluyen:<\/p>\n<\/div><div class=\"nectar-fancy-ul font_size_min_16px font_line_height_1-6\" data-list-icon=\"dot\" data-animation=\"false\" data-animation-delay=\"0\" data-spacing=\"10px\" data-alignment=\"left\"> \n<ul>\n<li>\n<p style=\"font-weight: 400;\"><a href=\"https:\/\/www.researchgate.net\/publication\/391127721_Transforming_Mental_Health_Care_Insights_from_the_WPA_Consultation_on_Implementing_Alternatives_to_Coercion\" target=\"_blank\" rel=\"noopener\">La Transformaci\u00f3n De La Atenci\u00f3n De Salud Mental<\/a>. Las perspectivas de la WPA Consulta sobre la Aplicaci\u00f3n de Alternativas a la Coerci\u00f3n, en colaboraci\u00f3n con la Asociaci\u00f3n Mundial de psiquiatr\u00eda, llevado a cabo en Colombia y Australia. 2019 2024<\/p>\n<\/li>\n<li>\n<p style=\"font-weight: 400;\"><a href=\"https:\/\/communityworks.com.au\/es\/portfolio\/who-are-you-getting-dolled-up-for\/\" target=\"_blank\" rel=\"noopener\">&#034;\u00bfQui\u00e9n eres llegar cambiado para?&#039;<\/a> un estudio de base comunitaria en las influencias culturales sobre la eficacia de tracoma programas de prevenci\u00f3n en las comunidades Abor\u00edgenes en Australia Central, en colaboraci\u00f3n con Ninti Uno. 2019 2020<\/p>\n<\/li>\n<li>\n<p style=\"font-weight: 400;\"><a href=\"https:\/\/nds.org.au\/resources\/all-resources\/perspectives-of-aboriginal-people-on-disability-and-care-in-the-barkly-region-of-the-northern-territ\" target=\"_blank\" rel=\"noopener\">Perspectivas de la poblaci\u00f3n Aborigen de la discapacidad y del cuidado de la Barkly Regi\u00f3n del Territorio del Norte<\/a> en colaboraci\u00f3n con Ninti Uno. 2016 a 2017<\/p>\n<\/li>\n<li>\n<p style=\"font-weight: 400;\">Estudio de los Aliados Prestaci\u00f3n de Servicios de Salud en el Barkly Regi\u00f3n, como parte de un estudio de viabilidad de zonas Remotas y Rurales Ind\u00edgenas Aliados de la Salud Desarrollo de la fuerza Laboral del Proyecto (RIAHP), en colaboraci\u00f3n con Ninti Uno. 2018 2019<\/p>\n<\/li>\n<\/ul>\n <\/div><div class=\"nectar-cta  alignment_tablet_default alignment_phone_default display_tablet_inherit display_phone_inherit\" data-color=\"default\" data-using-bg=\"false\" data-style=\"see-through\" data-display=\"block\" data-alignment=\"left\" data-text-color=\"std\" style=\"--nectar-button-color: var(--nectar-default); --nectar-icon-gap: 10px; \"><h6> <span class=\"text\">See our projects and publications on Participatory Research &amp; Evaluation <\/span><span class=\"link_wrap\" ><a  class=\"link_text\" role=\"button\" href=\"\/es\/project-attributes\/research-evaluate\/\"><span class=\"arrow\"><\/span><\/a><\/span><\/h6><\/div>\n\t\t\t<\/div> \n\t\t<\/div>\n\t<\/div> \n<\/div><\/div>","protected":false},"excerpt":{"rendered":"Participatory Research &amp; EvaluationWe conduct applied research that brings community priorities to light Community Works is regularly invited to lead or advise on applied research projects that explore complex social...","protected":false},"author":1,"featured_media":0,"parent":0,"menu_order":0,"comment_status":"closed","ping_status":"closed","template":"","meta":{"footnotes":""},"tags":[],"class_list":["post-12956","page","type-page","status-publish"],"_links":{"self":[{"href":"https:\/\/communityworks.com.au\/es\/wp-json\/wp\/v2\/pages\/12956","targetHints":{"allow":["GET"]}}],"collection":[{"href":"https:\/\/communityworks.com.au\/es\/wp-json\/wp\/v2\/pages"}],"about":[{"href":"https:\/\/communityworks.com.au\/es\/wp-json\/wp\/v2\/types\/page"}],"author":[{"embeddable":true,"href":"https:\/\/communityworks.com.au\/es\/wp-json\/wp\/v2\/users\/1"}],"replies":[{"embeddable":true,"href":"https:\/\/communityworks.com.au\/es\/wp-json\/wp\/v2\/comments?post=12956"}],"version-history":[{"count":16,"href":"https:\/\/communityworks.com.au\/es\/wp-json\/wp\/v2\/pages\/12956\/revisions"}],"predecessor-version":[{"id":13827,"href":"https:\/\/communityworks.com.au\/es\/wp-json\/wp\/v2\/pages\/12956\/revisions\/13827"}],"wp:attachment":[{"href":"https:\/\/communityworks.com.au\/es\/wp-json\/wp\/v2\/media?parent=12956"}],"wp:term":[{"taxonomy":"post_tag","embeddable":true,"href":"https:\/\/communityworks.com.au\/es\/wp-json\/wp\/v2\/tags?post=12956"}],"curies":[{"name":"wp","href":"https:\/\/api.w.org\/{rel}","templated":true}]}}