{"id":12947,"date":"2025-07-14T17:41:40","date_gmt":"2025-07-14T06:41:40","guid":{"rendered":"https:\/\/staging.communityworks.com.au\/?page_id=12947"},"modified":"2025-10-18T11:14:43","modified_gmt":"2025-10-18T00:14:43","slug":"strengthen-capability","status":"publish","type":"page","link":"https:\/\/communityworks.com.au\/es\/strengthen-capability\/","title":{"rendered":"Fortalecer la capacidad"},"content":{"rendered":"<div id=\"fws_6a046b9f18d09\"  data-column-margin=\"default\" data-midnight=\"dark\"  class=\"wpb_row vc_row-fluid vc_row full-width-content vc_row-o-equal-height vc_row-flex vc_row-o-content-middle\"  style=\"padding-top: 0px; padding-bottom: 0px; \"><div class=\"row-bg-wrap\" data-bg-animation=\"none\" data-bg-animation-delay=\"\" data-bg-overlay=\"false\"><div class=\"inner-wrap row-bg-layer\" ><div class=\"row-bg viewport-desktop\"  style=\"\"><\/div><\/div><\/div><div class=\"row_col_wrap_12 col span_12 dark left\">\n\t<div style=\"\" class=\"vc_col-sm-6 wpb_column column_container vc_column_container col no-extra-padding inherit_tablet inherit_phone\" data-using-bg=\"true\" data-padding-pos=\"all\" data-has-bg-color=\"false\" data-bg-color=\"\" data-bg-opacity=\"1\" data-animation=\"\" data-delay=\"0\" >\n\t\t<div class=\"vc_column-inner\" ><div class=\"column-image-bg-wrap column-bg-layer viewport-desktop\" data-bg-pos=\"left top\" data-bg-animation=\"none\" data-bg-overlay=\"false\"><div class=\"inner-wrap\"><div class=\"column-image-bg\" style=\" background-image: url('https:\/\/communityworks.com.au\/wp-content\/uploads\/2025\/10\/CW-Services-squareCapability.jpg'); \"><\/div><\/div><\/div>\n\t\t\t<div class=\"wpb_wrapper\">\n\t\t\t\t\n\t\t\t<\/div> \n\t\t<\/div>\n\t<\/div> \n\n\t<div  class=\"vc_col-sm-6 wpb_column column_container vc_column_container col padding-7-percent inherit_tablet inherit_phone\"  data-padding-pos=\"all\" data-has-bg-color=\"false\" data-bg-color=\"\" data-bg-opacity=\"1\" data-animation=\"\" data-delay=\"0\" >\n\t\t<div class=\"vc_column-inner\" >\n\t\t\t<div class=\"wpb_wrapper\">\n\t\t\t\t<div class=\"nectar-split-heading  font_size_3vw font_line_height_1-3\" data-align=\"default\" data-m-align=\"inherit\" data-text-effect=\"default\" data-animation-type=\"line-reveal-by-space\" data-animation-delay=\"0\" data-animation-offset=\"\" data-m-rm-animation=\"true\" data-stagger=\"true\" data-custom-font-size=\"true\" style=\"font-size: 3vw; line-height: 3.3vw;\"><h2 style=\" color: #000000;\">Fortalecer la capacidad<\/h2><\/div><div class=\"divider-wrap\" data-alignment=\"default\"><div style=\"margin-top: 22.5px; height: 5px; margin-bottom: 22.5px;\" data-width=\"100%\" data-animate=\"yes\" data-animation-delay=\"\" data-color=\"accent-color\" class=\"divider-border\"><\/div><\/div><div class=\"nectar-responsive-text nectar-link-underline-effect\"><p><b>Nuestra capacidad de construcci\u00f3n y a la medida de los programas de aprendizaje de manera consistente recibir excelentes comentarios.<\/b><b><\/b><\/p>\n<p>Trabajos a la comunidad, se especializa en la creaci\u00f3n de capacidad, con un enfoque en el desarrollo y fortalecimiento de habilidades pr\u00e1cticas dentro de las organizaciones, los equipos de proyecto, y estructuras de gobernabilidad locales<\/p>\n<p><b>Nos han ofrecido el fomento de la capacidad de soporte en:<\/b><b><\/b><\/p>\n<\/div><div class=\"nectar-fancy-ul font_size_min_16px font_line_height_1-6\" data-list-icon=\"dot\" data-animation=\"false\" data-animation-delay=\"0\" data-spacing=\"10px\" data-alignment=\"left\"> \n<ul>\n<li>Replicar y ampliar proyectos y programas de \u00e9xito, utilizando nuestra licencia con <a href=\"https:\/\/www.springimpact.org\" target=\"_blank\" rel=\"noopener\">La Primavera De Impacto<\/a>.<\/li>\n<li>Refuerzo de la salud mental comunitaria, en colaboraci\u00f3n con <a href=\"https:\/\/www.javeriana.edu.co\/inicio\" target=\"_blank\" rel=\"noopener\">Universidad Javeriana<\/a> en Colombia. Nuestro equipo incluye un Instructor de Primeros Auxilios en Salud Mental certificado.<\/li>\n<li>Promoci\u00f3n de la salud entre los trabajadores sanitarios abor\u00edgenes, mediante la colaboraci\u00f3n con la Unidad Nacional de Buenas Pr\u00e1cticas para <a href=\"https:\/\/tacklingsmoking.org.au\" target=\"_blank\" rel=\"noopener\">Lucha contra el tabaquismo entre los ind\u00edgenas<\/a>.<\/li>\n<li>Impartir formaci\u00f3n sobre resoluci\u00f3n de conflictos interculturales, incluido el trabajo con <a href=\"https:\/\/www.jcu.edu.au\" target=\"_blank\" rel=\"noopener\">La Universidad De James Cook<\/a>.<\/li>\n<li>Mejorar la gobernanza en las organizaciones comunitarias, en particular en colaboraci\u00f3n con <a href=\"https:\/\/www.nintione.com.au\" target=\"_blank\" rel=\"noopener\">Ninti Uno<\/a> Ltd.<\/li>\n<\/ul>\n <\/div><div class=\"nectar-cta  alignment_tablet_default alignment_phone_default display_tablet_inherit display_phone_inherit\" data-color=\"default\" data-using-bg=\"false\" data-style=\"see-through\" data-display=\"block\" data-alignment=\"left\" data-text-color=\"std\" style=\"--nectar-button-color: var(--nectar-default); --nectar-icon-gap: 10px; \"><h6> <span class=\"text\">Vea nuestros proyectos y publicaciones relacionados con el refuerzo de las capacidades <\/span><span class=\"link_wrap\" ><a  class=\"link_text\" role=\"button\" href=\"\/es\/project-attributes\/strengthen-capability\/\"><span class=\"arrow\"><\/span><\/a><\/span><\/h6><\/div>\n\t\t\t<\/div> \n\t\t<\/div>\n\t<\/div> \n<\/div><\/div>","protected":false},"excerpt":{"rendered":"Strengthen capabilityOur capability building and tailored learning programs consistently receive outstanding feedback. Community Works specialises in capacity building, with a focus on developing and strengthening practical skills within organisations, project...","protected":false},"author":1,"featured_media":0,"parent":0,"menu_order":0,"comment_status":"closed","ping_status":"closed","template":"","meta":{"footnotes":""},"tags":[],"class_list":["post-12947","page","type-page","status-publish"],"_links":{"self":[{"href":"https:\/\/communityworks.com.au\/es\/wp-json\/wp\/v2\/pages\/12947","targetHints":{"allow":["GET"]}}],"collection":[{"href":"https:\/\/communityworks.com.au\/es\/wp-json\/wp\/v2\/pages"}],"about":[{"href":"https:\/\/communityworks.com.au\/es\/wp-json\/wp\/v2\/types\/page"}],"author":[{"embeddable":true,"href":"https:\/\/communityworks.com.au\/es\/wp-json\/wp\/v2\/users\/1"}],"replies":[{"embeddable":true,"href":"https:\/\/communityworks.com.au\/es\/wp-json\/wp\/v2\/comments?post=12947"}],"version-history":[{"count":17,"href":"https:\/\/communityworks.com.au\/es\/wp-json\/wp\/v2\/pages\/12947\/revisions"}],"predecessor-version":[{"id":13581,"href":"https:\/\/communityworks.com.au\/es\/wp-json\/wp\/v2\/pages\/12947\/revisions\/13581"}],"wp:attachment":[{"href":"https:\/\/communityworks.com.au\/es\/wp-json\/wp\/v2\/media?parent=12947"}],"wp:term":[{"taxonomy":"post_tag","embeddable":true,"href":"https:\/\/communityworks.com.au\/es\/wp-json\/wp\/v2\/tags?post=12947"}],"curies":[{"name":"wp","href":"https:\/\/api.w.org\/{rel}","templated":true}]}}