{"id":12927,"date":"2025-07-14T16:37:04","date_gmt":"2025-07-14T05:37:04","guid":{"rendered":"https:\/\/staging.communityworks.com.au\/?page_id=12927"},"modified":"2025-10-18T11:21:21","modified_gmt":"2025-10-18T00:21:21","slug":"workshop-facilitation","status":"publish","type":"page","link":"https:\/\/communityworks.com.au\/es\/workshop-facilitation\/","title":{"rendered":"Taller de facilitaci\u00f3n"},"content":{"rendered":"<div id=\"fws_6a046b77d3d7d\"  data-column-margin=\"default\" data-midnight=\"dark\"  class=\"wpb_row vc_row-fluid vc_row full-width-content vc_row-o-equal-height vc_row-flex vc_row-o-content-middle\"  style=\"padding-top: 0px; padding-bottom: 0px; \"><div class=\"row-bg-wrap\" data-bg-animation=\"none\" data-bg-animation-delay=\"\" data-bg-overlay=\"false\"><div class=\"inner-wrap row-bg-layer\" ><div class=\"row-bg viewport-desktop\"  style=\"\"><\/div><\/div><\/div><div class=\"row_col_wrap_12 col span_12 dark left\">\n\t<div style=\"\" class=\"vc_col-sm-6 wpb_column column_container vc_column_container col no-extra-padding inherit_tablet inherit_phone\" data-using-bg=\"true\" data-padding-pos=\"all\" data-has-bg-color=\"false\" data-bg-color=\"\" data-bg-opacity=\"1\" data-animation=\"\" data-delay=\"0\" >\n\t\t<div class=\"vc_column-inner\" ><div class=\"column-image-bg-wrap column-bg-layer viewport-desktop\" data-bg-pos=\"center center\" data-bg-animation=\"none\" data-bg-overlay=\"false\"><div class=\"inner-wrap\"><div class=\"column-image-bg\" style=\" background-image: url('https:\/\/communityworks.com.au\/wp-content\/uploads\/2025\/10\/CW-Services-squareWorkshops.jpg'); \"><\/div><\/div><\/div>\n\t\t\t<div class=\"wpb_wrapper\">\n\t\t\t\t\n\t\t\t<\/div> \n\t\t<\/div>\n\t<\/div> \n\n\t<div  class=\"vc_col-sm-6 wpb_column column_container vc_column_container col padding-7-percent inherit_tablet inherit_phone\"  data-padding-pos=\"all\" data-has-bg-color=\"false\" data-bg-color=\"\" data-bg-opacity=\"1\" data-animation=\"\" data-delay=\"0\" >\n\t\t<div class=\"vc_column-inner\" >\n\t\t\t<div class=\"wpb_wrapper\">\n\t\t\t\t<div class=\"nectar-split-heading  font_size_3vw font_line_height_1-3\" data-align=\"default\" data-m-align=\"inherit\" data-text-effect=\"default\" data-animation-type=\"line-reveal-by-space\" data-animation-delay=\"0\" data-animation-offset=\"\" data-m-rm-animation=\"true\" data-stagger=\"true\" data-custom-font-size=\"true\" style=\"font-size: 3vw; line-height: 3.3vw;\"><h2 style=\" color: #000000;\">Taller de facilitaci\u00f3n<\/h2><\/div><div class=\"divider-wrap\" data-alignment=\"default\"><div style=\"margin-top: 22.5px; height: 5px; margin-bottom: 22.5px;\" data-width=\"100%\" data-animate=\"yes\" data-animation-delay=\"\" data-color=\"accent-color\" class=\"divider-border\"><\/div><\/div><div class=\"nectar-responsive-text nectar-link-underline-effect\"><p><b>Facilitamos talleres que generen conocimiento, fortalecer las alianzas y el apoyo de una colaboraci\u00f3n eficaz.<\/b><b><\/b><\/p>\n<p>La comunidad ha facilitado m\u00e1s de 200 talleres en toda Australia y en el extranjero, incluyendo en el Sur de Asia, Am\u00e9rica latina y el Pac\u00edfico.<\/p>\n<p>Nuestros talleres, integrados en procesos m\u00e1s amplios, tales como el dise\u00f1o del proyecto, la participaci\u00f3n de la comunidad, y el desarrollo organizacional, la cubierta de los temas de los Ind\u00edgenas de la comunidad de desarrollo para el dise\u00f1o de la investigaci\u00f3n y del programa de ampliaci\u00f3n.<\/p>\n<p>Con frecuencia volver asociaciones de reflejar el valor de nuestro facilitaci\u00f3n, destacado recientemente en nuestra publicaci\u00f3n El Mosaico de la Facilitaci\u00f3n. Cross-cultural y la colaboraci\u00f3n intersectorial es el centro de nuestro trabajo.<\/p>\n<p>Ejemplos:<\/p>\n<\/div><div class=\"nectar-fancy-ul font_size_min_16px font_line_height_1-6\" data-list-icon=\"dot\" data-animation=\"false\" data-animation-delay=\"0\" data-spacing=\"10px\" data-alignment=\"left\"> \n<ul>\n<li><b>Impacto colectivo para los Servicios de primera Infancia:<\/b> Facilitated workshops to promote cross-sector collaboration for improved early childhood outcomes, in an initiative led by a local Aboriginal organisation. (<a href=\"https:\/\/mulungu.com.au\" target=\"_blank\" rel=\"noopener\">Mulungu<\/a>)<\/li>\n<li><b>Dirigido Por La Comunidad De Desarrollo De Programas:<\/b> Delivered regular two-day workshops over eight years, enabling knowledge exchange and mutual learning among up to ten remote Aboriginal communities, focused on services for children and families. (<a href=\"https:\/\/www.nintione.com.au\" target=\"_blank\" rel=\"noopener\">NintiOne<\/a>)<\/li>\n<li><b>La Investigaci\u00f3n De Co-Dise\u00f1o De Los Talleres:<\/b> Facilitated multi-stakeholder processes with research institutions and partner organisations to collaboratively design research agendas addressing economic, social, and environmental themes. (<a href=\"https:\/\/www.nintione.com.au\" target=\"_blank\" rel=\"noopener\">NintiOne<\/a>)<\/li>\n<li><b>El Desarrollo profesional de las Delegaciones Internacionales:<\/b> For over 15 years, led capacity-building workshops under DFAT-funded Australia Awards Fellowships, focusing on leadership, project management, rural education, community engagement, and MEL in collaboration with Australian universities. (<a href=\"https:\/\/www.qut.edu.au\" target=\"_blank\" rel=\"noopener\">QUT<\/a>)<\/li>\n<\/ul>\n <\/div><div class=\"nectar-cta  alignment_tablet_default alignment_phone_default display_tablet_inherit display_phone_inherit\" data-color=\"default\" data-using-bg=\"false\" data-style=\"see-through\" data-display=\"block\" data-alignment=\"left\" data-text-color=\"std\" style=\"--nectar-button-color: var(--nectar-default); --nectar-icon-gap: 10px; \"><h6> <span class=\"text\">See our projects and publications on Workshop facilitation <\/span><span class=\"link_wrap\" ><a  class=\"link_text\" role=\"button\" href=\"\/es\/project-attributes\/facilitate-workshops\/\"><span class=\"arrow\"><\/span><\/a><\/span><\/h6><\/div>\n\t\t\t<\/div> \n\t\t<\/div>\n\t<\/div> \n<\/div><\/div>","protected":false},"excerpt":{"rendered":"Workshop facilitationWe facilitate workshops that generate knowledge, strengthen partnerships, and support effective collaboration. Community Works has facilitated over 200 workshops across Australia and internationally, including in South Asia, Latin America,...","protected":false},"author":1,"featured_media":0,"parent":0,"menu_order":0,"comment_status":"closed","ping_status":"closed","template":"","meta":{"footnotes":""},"tags":[],"class_list":["post-12927","page","type-page","status-publish"],"_links":{"self":[{"href":"https:\/\/communityworks.com.au\/es\/wp-json\/wp\/v2\/pages\/12927","targetHints":{"allow":["GET"]}}],"collection":[{"href":"https:\/\/communityworks.com.au\/es\/wp-json\/wp\/v2\/pages"}],"about":[{"href":"https:\/\/communityworks.com.au\/es\/wp-json\/wp\/v2\/types\/page"}],"author":[{"embeddable":true,"href":"https:\/\/communityworks.com.au\/es\/wp-json\/wp\/v2\/users\/1"}],"replies":[{"embeddable":true,"href":"https:\/\/communityworks.com.au\/es\/wp-json\/wp\/v2\/comments?post=12927"}],"version-history":[{"count":14,"href":"https:\/\/communityworks.com.au\/es\/wp-json\/wp\/v2\/pages\/12927\/revisions"}],"predecessor-version":[{"id":13589,"href":"https:\/\/communityworks.com.au\/es\/wp-json\/wp\/v2\/pages\/12927\/revisions\/13589"}],"wp:attachment":[{"href":"https:\/\/communityworks.com.au\/es\/wp-json\/wp\/v2\/media?parent=12927"}],"wp:term":[{"taxonomy":"post_tag","embeddable":true,"href":"https:\/\/communityworks.com.au\/es\/wp-json\/wp\/v2\/tags?post=12927"}],"curies":[{"name":"wp","href":"https:\/\/api.w.org\/{rel}","templated":true}]}}