{"id":12887,"date":"2025-07-11T15:48:56","date_gmt":"2025-07-11T04:48:56","guid":{"rendered":"https:\/\/staging.communityworks.com.au\/?page_id=12887"},"modified":"2025-10-18T11:15:31","modified_gmt":"2025-10-18T00:15:31","slug":"strategy-leadership","status":"publish","type":"page","link":"https:\/\/communityworks.com.au\/es\/strategy-leadership\/","title":{"rendered":"Estrategia Y Liderazgo"},"content":{"rendered":"<div id=\"fws_6a046bcba2727\"  data-column-margin=\"default\" data-midnight=\"dark\"  class=\"wpb_row vc_row-fluid vc_row full-width-content vc_row-o-equal-height vc_row-flex vc_row-o-content-middle\"  style=\"padding-top: 0px; padding-bottom: 0px; \"><div class=\"row-bg-wrap\" data-bg-animation=\"none\" data-bg-animation-delay=\"\" data-bg-overlay=\"false\"><div class=\"inner-wrap row-bg-layer\" ><div class=\"row-bg viewport-desktop\"  style=\"\"><\/div><\/div><\/div><div class=\"row_col_wrap_12 col span_12 dark left\">\n\t<div style=\"\" class=\"vc_col-sm-6 wpb_column column_container vc_column_container col no-extra-padding inherit_tablet inherit_phone\" data-using-bg=\"true\" data-padding-pos=\"all\" data-has-bg-color=\"false\" data-bg-color=\"\" data-bg-opacity=\"1\" data-animation=\"\" data-delay=\"0\" >\n\t\t<div class=\"vc_column-inner\" ><div class=\"column-image-bg-wrap column-bg-layer viewport-desktop\" data-bg-pos=\"center center\" data-bg-animation=\"none\" data-bg-overlay=\"false\"><div class=\"inner-wrap\"><div class=\"column-image-bg\" style=\" background-image: url('https:\/\/communityworks.com.au\/wp-content\/uploads\/2025\/10\/CW-Services-squareStrategy.jpg'); \"><\/div><\/div><\/div>\n\t\t\t<div class=\"wpb_wrapper\">\n\t\t\t\t\n\t\t\t<\/div> \n\t\t<\/div>\n\t<\/div> \n\n\t<div  class=\"vc_col-sm-6 wpb_column column_container vc_column_container col padding-7-percent inherit_tablet inherit_phone\"  data-padding-pos=\"all\" data-has-bg-color=\"false\" data-bg-color=\"\" data-bg-opacity=\"1\" data-animation=\"\" data-delay=\"0\" >\n\t\t<div class=\"vc_column-inner\" >\n\t\t\t<div class=\"wpb_wrapper\">\n\t\t\t\t<div class=\"nectar-split-heading  font_size_3vw font_line_height_1-3\" data-align=\"default\" data-m-align=\"inherit\" data-text-effect=\"default\" data-animation-type=\"line-reveal-by-space\" data-animation-delay=\"0\" data-animation-offset=\"\" data-m-rm-animation=\"true\" data-stagger=\"true\" data-custom-font-size=\"true\" style=\"font-size: 3vw; line-height: 3.3vw;\"><h2 style=\" color: #000000;\">Estrategia Y Liderazgo<\/h2><\/div><div class=\"divider-wrap\" data-alignment=\"default\"><div style=\"margin-top: 22.5px; height: 5px; margin-bottom: 22.5px;\" data-width=\"100%\" data-animate=\"yes\" data-animation-delay=\"\" data-color=\"accent-color\" class=\"divider-border\"><\/div><\/div><div class=\"nectar-responsive-text nectar-link-underline-effect\"><p><b>Apoyamos a las organizaciones a tomar decisiones, decisiones estrat\u00e9gicas para maximizar su impacto.<\/b><b><\/b><\/p>\n<p>La comunidad Trabaja regularmente asociados con los equipos de liderazgo de los diferentes sectores para evaluar las necesidades, identificar oportunidades y tomar decisiones con base en evidencias acerca de su futura direcci\u00f3n.<\/p>\n<p>Nuestro enfoque a menudo incluye el an\u00e1lisis de las carencias, de las teor\u00edas de cambio, los marcos l\u00f3gicos, y talleres de planificaci\u00f3n estrat\u00e9gica\u2014herramientas a medida para cada organizaci\u00f3n del contexto.<\/p>\n<p>Hemos apoyado una amplia y diversa gama de organizaciones en su estrategia de desarrollo, incluyendo:<\/p>\n<\/div><div class=\"nectar-fancy-ul font_size_min_16px font_line_height_1-6\" data-list-icon=\"dot\" data-animation=\"false\" data-animation-delay=\"0\" data-spacing=\"10px\" data-alignment=\"left\"> \n<ul>\n<li><a href=\"https:\/\/www.health.gov.au\/our-work\/connected-beginnings\" target=\"_blank\" rel=\"noopener\">Conectado Inicios<\/a> (Queensland, Australia)<\/li>\n<li><a href=\"https:\/\/connectedfellows.org\" target=\"_blank\" rel=\"noopener\">Conectado<\/a> (Estados UNIDOS y Guatemala)<\/li>\n<li><a href=\"https:\/\/cities-rise.org\" target=\"_blank\" rel=\"noopener\">CitiesRISE<\/a> (Estados UNIDOS),<\/li>\n<li><a href=\"https:\/\/kindredglobal.org\" target=\"_blank\" rel=\"noopener\">Tribu Global<\/a> (Colombia y Australia)<\/li>\n<li><a href=\"https:\/\/www.latinstoriesaustralia.com\" target=\"_blank\" rel=\"noopener\">Latina Historias De Australia<\/a> (Australia)<\/li>\n<\/ul>\n <\/div><div class=\"nectar-cta  alignment_tablet_default alignment_phone_default display_tablet_inherit display_phone_inherit\" data-color=\"default\" data-using-bg=\"false\" data-style=\"see-through\" data-display=\"block\" data-alignment=\"left\" data-text-color=\"std\" style=\"--nectar-button-color: var(--nectar-default); --nectar-icon-gap: 10px; \"><h6> <span class=\"text\">Vea nuestra Estrategia y Liderazgo de proyectos y publicaciones <\/span><span class=\"link_wrap\" ><a  class=\"link_text\" role=\"button\" href=\"\/es\/project-attributes\/strategise-lead\/\"><span class=\"arrow\"><\/span><\/a><\/span><\/h6><\/div>\n\t\t\t<\/div> \n\t\t<\/div>\n\t<\/div> \n<\/div><\/div>","protected":false},"excerpt":{"rendered":"Strategy &amp; LeadershipWe support organisations to make informed, strategic choices to maximise their impact. Community Works regularly partners with leadership teams from different sectors to assess needs, identify opportunities, and...","protected":false},"author":1,"featured_media":0,"parent":0,"menu_order":0,"comment_status":"closed","ping_status":"closed","template":"","meta":{"footnotes":""},"tags":[],"class_list":["post-12887","page","type-page","status-publish"],"_links":{"self":[{"href":"https:\/\/communityworks.com.au\/es\/wp-json\/wp\/v2\/pages\/12887","targetHints":{"allow":["GET"]}}],"collection":[{"href":"https:\/\/communityworks.com.au\/es\/wp-json\/wp\/v2\/pages"}],"about":[{"href":"https:\/\/communityworks.com.au\/es\/wp-json\/wp\/v2\/types\/page"}],"author":[{"embeddable":true,"href":"https:\/\/communityworks.com.au\/es\/wp-json\/wp\/v2\/users\/1"}],"replies":[{"embeddable":true,"href":"https:\/\/communityworks.com.au\/es\/wp-json\/wp\/v2\/comments?post=12887"}],"version-history":[{"count":40,"href":"https:\/\/communityworks.com.au\/es\/wp-json\/wp\/v2\/pages\/12887\/revisions"}],"predecessor-version":[{"id":13582,"href":"https:\/\/communityworks.com.au\/es\/wp-json\/wp\/v2\/pages\/12887\/revisions\/13582"}],"wp:attachment":[{"href":"https:\/\/communityworks.com.au\/es\/wp-json\/wp\/v2\/media?parent=12887"}],"wp:term":[{"taxonomy":"post_tag","embeddable":true,"href":"https:\/\/communityworks.com.au\/es\/wp-json\/wp\/v2\/tags?post=12887"}],"curies":[{"name":"wp","href":"https:\/\/api.w.org\/{rel}","templated":true}]}}